{"id":153,"date":"2012-07-08T08:57:42","date_gmt":"2012-07-08T08:57:42","guid":{"rendered":"http:\/\/www.kinderatelier-harlaching.de\/?page_id=153"},"modified":"2019-09-05T18:31:30","modified_gmt":"2019-09-05T18:31:30","slug":"kurse-fur-erwachsene","status":"publish","type":"page","link":"http:\/\/www.kinderatelier-harlaching.de\/?page_id=153","title":{"rendered":"Unterricht f\u00fcr Erwachsene"},"content":{"rendered":"<p>&nbsp;<\/p>\n<p>Privatstunden: Ich begleite meine Sch\u00fcler individuell in meinem Atelier auf ihrem k\u00fcnstlerischen Weg.&nbsp; Verschiedene Techniken der Zeichnung, wie Bleistift, Pastell,Tusche und der Malerei, wie Aquarell, Gouache, Acryl k\u00f6nnen ausprobiert werden, um immer mehr einen eigenen Weg der Gestaltung zu finden. Die Stunden im Atelier k\u00f6nnen ein sch\u00f6ner und wichtiger Ausgleich zum Alltag und dessen Bew\u00e4ltigung sein. Ich m\u00f6chte meine Sch\u00fcler einf\u00fchlsam bei ihren Schritten in die Gestaltung unterst\u00fctzen und ermutigen Neues zu wagen !<\/p>\n<p>Anf\u00e4nger sind genauso willkommen wie schon Erfahrene.<br \/>\nngg_shortcode_0_placeholder<\/p>\n<p>&nbsp;<\/p>\n","protected":false},"excerpt":{"rendered":"<p>&nbsp; Privatstunden: Ich begleite meine Sch\u00fcler individuell in meinem Atelier auf ihrem k\u00fcnstlerischen Weg.&nbsp; Verschiedene Techniken der Zeichnung, wie Bleistift, Pastell,Tusche und der Malerei, wie Aquarell, Gouache, Acryl k\u00f6nnen ausprobiert werden, um immer mehr einen eigenen Weg der Gestaltung zu &hellip; <a href=\"http:\/\/www.kinderatelier-harlaching.de\/?page_id=153\">Weiterlesen <span class=\"meta-nav\">&rarr;<\/span><\/a><\/p>\n","protected":false},"author":1,"featured_media":0,"parent":43,"menu_order":0,"comment_status":"closed","ping_status":"open","template":"","meta":{"ngg_post_thumbnail":0,"footnotes":""},"_links":{"self":[{"href":"http:\/\/www.kinderatelier-harlaching.de\/index.php?rest_route=\/wp\/v2\/pages\/153"}],"collection":[{"href":"http:\/\/www.kinderatelier-harlaching.de\/index.php?rest_route=\/wp\/v2\/pages"}],"about":[{"href":"http:\/\/www.kinderatelier-harlaching.de\/index.php?rest_route=\/wp\/v2\/types\/page"}],"author":[{"embeddable":true,"href":"http:\/\/www.kinderatelier-harlaching.de\/index.php?rest_route=\/wp\/v2\/users\/1"}],"replies":[{"embeddable":true,"href":"http:\/\/www.kinderatelier-harlaching.de\/index.php?rest_route=%2Fwp%2Fv2%2Fcomments&post=153"}],"version-history":[{"count":21,"href":"http:\/\/www.kinderatelier-harlaching.de\/index.php?rest_route=\/wp\/v2\/pages\/153\/revisions"}],"predecessor-version":[{"id":321,"href":"http:\/\/www.kinderatelier-harlaching.de\/index.php?rest_route=\/wp\/v2\/pages\/153\/revisions\/321"}],"up":[{"embeddable":true,"href":"http:\/\/www.kinderatelier-harlaching.de\/index.php?rest_route=\/wp\/v2\/pages\/43"}],"wp:attachment":[{"href":"http:\/\/www.kinderatelier-harlaching.de\/index.php?rest_route=%2Fwp%2Fv2%2Fmedia&parent=153"}],"curies":[{"name":"wp","href":"https:\/\/api.w.org\/{rel}","templated":true}]}}