{"id":20,"date":"2011-09-07T13:38:35","date_gmt":"2011-09-07T13:38:35","guid":{"rendered":"http:\/\/www.kinderatelier-harlaching.de\/?page_id=20"},"modified":"2019-09-05T18:09:10","modified_gmt":"2019-09-05T18:09:10","slug":"impressum","status":"publish","type":"page","link":"http:\/\/www.kinderatelier-harlaching.de\/?page_id=20","title":{"rendered":"Impressum"},"content":{"rendered":"<p>Bettina Ziegler<br \/>\nBruckenfischer Str. 25a<br \/>\n81547 M\u00fcnchen<br \/>\nbettina@kinderatelier-harlaching.de<br \/>\nTel: 0176 55 14 66 64<\/p>\n<p>Dies ist eine private Homepage.<br \/>\nBitte beachten Sie den <a href=\"http:\/\/www.disclaimer.de\/disclaimer.htm\" target=\"new\" rel=\"noopener noreferrer\">Haftungsausschluss,<\/a> der inhaltlich als Teil dieser Seiten anzusehen ist.<\/p>\n<p>Datenschutz: Auf kinderatelier-harlaching surfen Sie sicher! Wir verarbeiten keine personenbezogenen Daten, noch setzten wir cookies. Die Logfiles des servers l\u00f6schen sich turnusm\u00e4\u00dfig und verschwinden unbeachtet im Datennirvana. Im \u00fcbrigen verweisen wir auf die Datenschutzerkl\u00e4rung der www.1.und1.de.<\/p>\n","protected":false},"excerpt":{"rendered":"<p>Bettina Ziegler Bruckenfischer Str. 25a 81547 M\u00fcnchen bettina@kinderatelier-harlaching.de Tel: 0176 55 14 66 64 Dies ist eine private Homepage. Bitte beachten Sie den Haftungsausschluss, der inhaltlich als Teil dieser Seiten anzusehen ist. Datenschutz: Auf kinderatelier-harlaching surfen Sie sicher! Wir verarbeiten &hellip; <a href=\"http:\/\/www.kinderatelier-harlaching.de\/?page_id=20\">Weiterlesen <span class=\"meta-nav\">&rarr;<\/span><\/a><\/p>\n","protected":false},"author":1,"featured_media":0,"parent":0,"menu_order":7,"comment_status":"closed","ping_status":"open","template":"","meta":{"ngg_post_thumbnail":0,"footnotes":""},"_links":{"self":[{"href":"http:\/\/www.kinderatelier-harlaching.de\/index.php?rest_route=\/wp\/v2\/pages\/20"}],"collection":[{"href":"http:\/\/www.kinderatelier-harlaching.de\/index.php?rest_route=\/wp\/v2\/pages"}],"about":[{"href":"http:\/\/www.kinderatelier-harlaching.de\/index.php?rest_route=\/wp\/v2\/types\/page"}],"author":[{"embeddable":true,"href":"http:\/\/www.kinderatelier-harlaching.de\/index.php?rest_route=\/wp\/v2\/users\/1"}],"replies":[{"embeddable":true,"href":"http:\/\/www.kinderatelier-harlaching.de\/index.php?rest_route=%2Fwp%2Fv2%2Fcomments&post=20"}],"version-history":[{"count":19,"href":"http:\/\/www.kinderatelier-harlaching.de\/index.php?rest_route=\/wp\/v2\/pages\/20\/revisions"}],"predecessor-version":[{"id":319,"href":"http:\/\/www.kinderatelier-harlaching.de\/index.php?rest_route=\/wp\/v2\/pages\/20\/revisions\/319"}],"wp:attachment":[{"href":"http:\/\/www.kinderatelier-harlaching.de\/index.php?rest_route=%2Fwp%2Fv2%2Fmedia&parent=20"}],"curies":[{"name":"wp","href":"https:\/\/api.w.org\/{rel}","templated":true}]}}