{"id":57,"date":"2011-09-08T21:45:41","date_gmt":"2011-09-08T21:45:41","guid":{"rendered":"http:\/\/www.kinderatelier-harlaching.de\/?page_id=57"},"modified":"2022-10-22T11:22:28","modified_gmt":"2022-10-22T11:22:28","slug":"malen-fur-die-ganz-kleinen","status":"publish","type":"page","link":"http:\/\/www.kinderatelier-harlaching.de\/?page_id=57","title":{"rendered":"Malen f\u00fcr die ganz Kleinen"},"content":{"rendered":"<p><a href=\"http:\/\/www.kinderatelier-harlaching.de\/wp-content\/uploads\/2011\/09\/kind_muschel_res.jpg\"><img decoding=\"async\" loading=\"lazy\" class=\"aligncenter size-full wp-image-45\" title=\"kind_muschel_res\" src=\"http:\/\/www.kinderatelier-harlaching.de\/wp-content\/uploads\/2011\/09\/kind_muschel_res.jpg\" alt=\"\" width=\"800\" height=\"496\" srcset=\"http:\/\/www.kinderatelier-harlaching.de\/wp-content\/uploads\/2011\/09\/kind_muschel_res.jpg 800w, http:\/\/www.kinderatelier-harlaching.de\/wp-content\/uploads\/2011\/09\/kind_muschel_res-300x186.jpg 300w, http:\/\/www.kinderatelier-harlaching.de\/wp-content\/uploads\/2011\/09\/kind_muschel_res-483x300.jpg 483w\" sizes=\"(max-width: 800px) 100vw, 800px\" \/><\/a><strong>Malen und kreatives Gestalten f\u00fcr Eltern, Gro\u00dfeltern und Kinder<\/strong><br \/>\n<strong>von 2 bis 4 Jahren<\/strong><\/p>\n<p>Lustvolles Tun steht hier im Vordergrund. Malen, mischen, zeichnen, schmieren, drucken, kleistern, kleben, rei\u00dfen, schneiden, kneten, sch\u00fctten, bauen, formen macht in einer vertrauten Gruppe noch mehr Spa\u00df. Wir wollen Kindern die Gelegenheit geben, mit verschiedenen Materialien umzugehen und unterschiedliche Techniken auszuprobieren. Das gemeinsame Arbeiten mit dem Kind er\u00f6ffnet auch den Erwachsenen neue Zug\u00e4nge zur eigenen Kreativit\u00e4t.<\/p>\n<p>Dieses Angebot kann individuell geplant werden.<\/p>\n","protected":false},"excerpt":{"rendered":"<p>Malen und kreatives Gestalten f\u00fcr Eltern, Gro\u00dfeltern und Kinder von 2 bis 4 Jahren Lustvolles Tun steht hier im Vordergrund. Malen, mischen, zeichnen, schmieren, drucken, kleistern, kleben, rei\u00dfen, schneiden, kneten, sch\u00fctten, bauen, formen macht in einer vertrauten Gruppe noch mehr &hellip; <a href=\"http:\/\/www.kinderatelier-harlaching.de\/?page_id=57\">Weiterlesen <span class=\"meta-nav\">&rarr;<\/span><\/a><\/p>\n","protected":false},"author":1,"featured_media":0,"parent":43,"menu_order":0,"comment_status":"closed","ping_status":"open","template":"","meta":{"ngg_post_thumbnail":0,"footnotes":""},"_links":{"self":[{"href":"http:\/\/www.kinderatelier-harlaching.de\/index.php?rest_route=\/wp\/v2\/pages\/57"}],"collection":[{"href":"http:\/\/www.kinderatelier-harlaching.de\/index.php?rest_route=\/wp\/v2\/pages"}],"about":[{"href":"http:\/\/www.kinderatelier-harlaching.de\/index.php?rest_route=\/wp\/v2\/types\/page"}],"author":[{"embeddable":true,"href":"http:\/\/www.kinderatelier-harlaching.de\/index.php?rest_route=\/wp\/v2\/users\/1"}],"replies":[{"embeddable":true,"href":"http:\/\/www.kinderatelier-harlaching.de\/index.php?rest_route=%2Fwp%2Fv2%2Fcomments&post=57"}],"version-history":[{"count":8,"href":"http:\/\/www.kinderatelier-harlaching.de\/index.php?rest_route=\/wp\/v2\/pages\/57\/revisions"}],"predecessor-version":[{"id":579,"href":"http:\/\/www.kinderatelier-harlaching.de\/index.php?rest_route=\/wp\/v2\/pages\/57\/revisions\/579"}],"up":[{"embeddable":true,"href":"http:\/\/www.kinderatelier-harlaching.de\/index.php?rest_route=\/wp\/v2\/pages\/43"}],"wp:attachment":[{"href":"http:\/\/www.kinderatelier-harlaching.de\/index.php?rest_route=%2Fwp%2Fv2%2Fmedia&parent=57"}],"curies":[{"name":"wp","href":"https:\/\/api.w.org\/{rel}","templated":true}]}}